{"id":3460,"date":"2024-06-26T10:38:38","date_gmt":"2024-06-26T08:38:38","guid":{"rendered":"https:\/\/domainesdumont.com\/domaines-du-mont\/"},"modified":"2026-04-13T11:40:21","modified_gmt":"2026-04-13T09:40:21","slug":"domaines-du-mont","status":"publish","type":"page","link":"https:\/\/domainesdumont.com\/en\/","title":{"rendered":"Domaines du Mont"},"content":{"rendered":"","protected":false},"excerpt":{"rendered":"","protected":false},"author":2,"featured_media":3461,"parent":0,"menu_order":0,"comment_status":"closed","ping_status":"closed","template":"","meta":{"_acf_changed":false,"_seopress_robots_primary_cat":"","_seopress_titles_title":"Les Domaines du Mont, vins de la Vall\u00e9e du Rh\u00f4ne","_seopress_titles_desc":"Les Domaines du Mont, dans leur recherche de la puret\u00e9 et la v\u00e9rit\u00e9 d'un terroir, vous font red\u00e9couvrir les vins de la Vall\u00e9e du Rh\u00f4ne, naturellement \u00e9quilibr\u00e9s.","_seopress_robots_index":"","footnotes":""},"class_list":["post-3460","page","type-page","status-publish","has-post-thumbnail"],"acf":[],"_links":{"self":[{"href":"https:\/\/domainesdumont.com\/en\/wp-json\/wp\/v2\/pages\/3460","targetHints":{"allow":["GET"]}}],"collection":[{"href":"https:\/\/domainesdumont.com\/en\/wp-json\/wp\/v2\/pages"}],"about":[{"href":"https:\/\/domainesdumont.com\/en\/wp-json\/wp\/v2\/types\/page"}],"author":[{"embeddable":true,"href":"https:\/\/domainesdumont.com\/en\/wp-json\/wp\/v2\/users\/2"}],"replies":[{"embeddable":true,"href":"https:\/\/domainesdumont.com\/en\/wp-json\/wp\/v2\/comments?post=3460"}],"version-history":[{"count":11,"href":"https:\/\/domainesdumont.com\/en\/wp-json\/wp\/v2\/pages\/3460\/revisions"}],"predecessor-version":[{"id":91092,"href":"https:\/\/domainesdumont.com\/en\/wp-json\/wp\/v2\/pages\/3460\/revisions\/91092"}],"wp:featuredmedia":[{"embeddable":true,"href":"https:\/\/domainesdumont.com\/en\/wp-json\/wp\/v2\/media\/3461"}],"wp:attachment":[{"href":"https:\/\/domainesdumont.com\/en\/wp-json\/wp\/v2\/media?parent=3460"}],"curies":[{"name":"wp","href":"https:\/\/api.w.org\/{rel}","templated":true}]}}