{"id":3597,"date":"2024-06-17T17:22:58","date_gmt":"2024-06-17T15:22:58","guid":{"rendered":"https:\/\/domainesdumont.com\/clos-bellane\/"},"modified":"2026-04-03T12:12:09","modified_gmt":"2026-04-03T10:12:09","slug":"clos-bellane","status":"publish","type":"page","link":"https:\/\/domainesdumont.com\/en\/clos-bellane\/","title":{"rendered":"Clos Bellane"},"content":{"rendered":"","protected":false},"excerpt":{"rendered":"","protected":false},"author":2,"featured_media":3389,"parent":0,"menu_order":0,"comment_status":"closed","ping_status":"closed","template":"","meta":{"_acf_changed":false,"_seopress_robots_primary_cat":"","_seopress_titles_title":"Domaines du Mont - Clos Bellane","_seopress_titles_desc":"Pour la vinification, le tri est rigoureux, la cave est de type gravitationnelle et le mat\u00e9riel utilis\u00e9 est moderne. Le vin est \u00e9lev\u00e9 en pi\u00e8ces bourguignonnes ou cuves b\u00e9ton.","_seopress_robots_index":"","footnotes":""},"class_list":["post-3597","page","type-page","status-publish","has-post-thumbnail"],"acf":[],"_links":{"self":[{"href":"https:\/\/domainesdumont.com\/en\/wp-json\/wp\/v2\/pages\/3597","targetHints":{"allow":["GET"]}}],"collection":[{"href":"https:\/\/domainesdumont.com\/en\/wp-json\/wp\/v2\/pages"}],"about":[{"href":"https:\/\/domainesdumont.com\/en\/wp-json\/wp\/v2\/types\/page"}],"author":[{"embeddable":true,"href":"https:\/\/domainesdumont.com\/en\/wp-json\/wp\/v2\/users\/2"}],"replies":[{"embeddable":true,"href":"https:\/\/domainesdumont.com\/en\/wp-json\/wp\/v2\/comments?post=3597"}],"version-history":[{"count":4,"href":"https:\/\/domainesdumont.com\/en\/wp-json\/wp\/v2\/pages\/3597\/revisions"}],"predecessor-version":[{"id":8278,"href":"https:\/\/domainesdumont.com\/en\/wp-json\/wp\/v2\/pages\/3597\/revisions\/8278"}],"wp:featuredmedia":[{"embeddable":true,"href":"https:\/\/domainesdumont.com\/en\/wp-json\/wp\/v2\/media\/3389"}],"wp:attachment":[{"href":"https:\/\/domainesdumont.com\/en\/wp-json\/wp\/v2\/media?parent=3597"}],"curies":[{"name":"wp","href":"https:\/\/api.w.org\/{rel}","templated":true}]}}