{"id":3615,"date":"2024-06-19T11:34:25","date_gmt":"2024-06-19T09:34:25","guid":{"rendered":"https:\/\/domainesdumont.com\/jeannine-boutin\/"},"modified":"2026-04-13T11:48:09","modified_gmt":"2026-04-13T09:48:09","slug":"jeannine-boutin","status":"publish","type":"page","link":"https:\/\/domainesdumont.com\/en\/jeannine-boutin\/","title":{"rendered":"Jeannine Boutin"},"content":{"rendered":"","protected":false},"excerpt":{"rendered":"","protected":false},"author":2,"featured_media":3425,"parent":0,"menu_order":0,"comment_status":"closed","ping_status":"closed","template":"","meta":{"_acf_changed":false,"_seopress_robots_primary_cat":"","_seopress_titles_title":"Domaines du Mont - %%post_title%%","_seopress_titles_desc":"Dans la r\u00e9gion Nord du Rh\u00f4ne, le climat est id\u00e9al pour grands vins, restituant fra\u00eecheur et intensit\u00e9. Les versants abrit\u00e9s d\u00e9fient en altitude les vents du nord.","_seopress_robots_index":"","footnotes":""},"class_list":["post-3615","page","type-page","status-publish","has-post-thumbnail"],"acf":[],"_links":{"self":[{"href":"https:\/\/domainesdumont.com\/en\/wp-json\/wp\/v2\/pages\/3615","targetHints":{"allow":["GET"]}}],"collection":[{"href":"https:\/\/domainesdumont.com\/en\/wp-json\/wp\/v2\/pages"}],"about":[{"href":"https:\/\/domainesdumont.com\/en\/wp-json\/wp\/v2\/types\/page"}],"author":[{"embeddable":true,"href":"https:\/\/domainesdumont.com\/en\/wp-json\/wp\/v2\/users\/2"}],"replies":[{"embeddable":true,"href":"https:\/\/domainesdumont.com\/en\/wp-json\/wp\/v2\/comments?post=3615"}],"version-history":[{"count":3,"href":"https:\/\/domainesdumont.com\/en\/wp-json\/wp\/v2\/pages\/3615\/revisions"}],"predecessor-version":[{"id":91095,"href":"https:\/\/domainesdumont.com\/en\/wp-json\/wp\/v2\/pages\/3615\/revisions\/91095"}],"wp:featuredmedia":[{"embeddable":true,"href":"https:\/\/domainesdumont.com\/en\/wp-json\/wp\/v2\/media\/3425"}],"wp:attachment":[{"href":"https:\/\/domainesdumont.com\/en\/wp-json\/wp\/v2\/media?parent=3615"}],"curies":[{"name":"wp","href":"https:\/\/api.w.org\/{rel}","templated":true}]}}