{"id":8287,"date":"2024-07-02T12:17:40","date_gmt":"2024-07-02T10:17:40","guid":{"rendered":"https:\/\/domainesdumont.com\/mentions-legales\/"},"modified":"2024-08-23T17:10:18","modified_gmt":"2024-08-23T15:10:18","slug":"legal-notice","status":"publish","type":"page","link":"https:\/\/domainesdumont.com\/en\/legal-notice\/","title":{"rendered":"Legal Notice"},"content":{"rendered":"\n<h1 class=\"wp-block-heading\"><\/h1>\n\n\n\n<h2 class=\"wp-block-heading\">\u00c9diteur :<br><\/h2>\n\n\n\n<p>Le site fermedumont.fr est un site \u00e9dit\u00e9 par<br>La Ferme Du Mont, dont le si\u00e8ge social est \u00e9tabli :<br>Chemin de Sainte-Croix<br>84600 VALREAS<\/p>\n\n\n\n<p>SIRET : 49931595000026<br>APE: 4634Z \u2013 Culture de la vigne<br>TVA Intracommunautaire : FR17347640468<br>Directeur de la publication : M Jean-Francois CHENE, pr\u00e9sident.<\/p>\n\n\n\n<h2 class=\"wp-block-heading\">H\u00e9bergeur :<br><\/h2>\n\n\n\n<p>Ce site est h\u00e9berg\u00e9 par o2switch<br>Siret : 510 909 807 00024<br>RCS Clermont Ferrand<br>SAS au capital de 100 000\u20ac<br>Op\u00e9rateur T\u00e9l\u00e9com d\u00e9clar\u00e9 ARCEP<br>09\/2989 \u2013 AS50474<\/p>\n\n\n\n<h2 class=\"wp-block-heading\">Concepteur :<br><\/h2>\n\n\n\n<p>Ce site est con\u00e7u par Beewine SAS dont le si\u00e8ge social est \u00e9tabli :<br>86 rue Pierre et Marie Curie<br>34430 ST JEAN DE VEDAS<\/p>\n\n\n\n<p>SIRET : 847 683 406 00015<br>APE 7021Z \u2013 Conseil en relations publiques et communication<br>RCS Montpellier B 847 683 406 | SAS au capital de 1 200 euros.<\/p>\n\n\n\n<h2 class=\"wp-block-heading\">Utilisation des donn\u00e9es :<br><\/h2>\n\n\n\n<p>En application de l\u2019article 27 de la loi Informatique et Libert\u00e9s en date du 6 janvier 1978, vous disposez par ailleurs d\u2019un droit d\u2019acc\u00e8s, de rectification, de modification et de suppression concernant les donn\u00e9es qui vous concernent. Vous pouvez exercer ce droit en nous envoyant un courrier (voir adresse ci-dessus).<\/p>\n\n\n\n<h2 class=\"wp-block-heading\">Propri\u00e9t\u00e9 intellectuelle<br><\/h2>\n\n\n\n<p>Tous les \u00e9l\u00e9ments pr\u00e9sent\u00e9s sur notre site internet appartiennent exclusivement \u00e0 notre marque La Ferme Du Mont.<\/p>\n\n\n\n<p>Autrement, nous en ferons mentions en cr\u00e9ditant les auteurs.<\/p>\n","protected":false},"excerpt":{"rendered":"<p>\u00c9diteur : Le site fermedumont.fr est un site \u00e9dit\u00e9 parLa Ferme Du Mont, dont le si\u00e8ge social est \u00e9tabli :Chemin de Sainte-Croix84600 VALREAS SIRET : 49931595000026APE: 4634Z \u2013 Culture de la vigneTVA Intracommunautaire : FR17347640468Directeur de la publication : M Jean-Francois CHENE, pr\u00e9sident. H\u00e9bergeur : Ce site est h\u00e9berg\u00e9 par o2switchSiret : 510 909 807 [&hellip;]<\/p>\n","protected":false},"author":3,"featured_media":3429,"parent":0,"menu_order":0,"comment_status":"closed","ping_status":"closed","template":"","meta":{"_acf_changed":false,"_seopress_robots_primary_cat":"","_seopress_titles_title":"Legal notice - Les Domaines du Mont","_seopress_titles_desc":"The fermedumont.fr website is published by La Ferme Du Mont, whose registered office is at :\r\nChemin de Sainte-Croix in VALREAS (84600)","_seopress_robots_index":"","footnotes":""},"class_list":["post-8287","page","type-page","status-publish","has-post-thumbnail"],"acf":[],"_links":{"self":[{"href":"https:\/\/domainesdumont.com\/en\/wp-json\/wp\/v2\/pages\/8287","targetHints":{"allow":["GET"]}}],"collection":[{"href":"https:\/\/domainesdumont.com\/en\/wp-json\/wp\/v2\/pages"}],"about":[{"href":"https:\/\/domainesdumont.com\/en\/wp-json\/wp\/v2\/types\/page"}],"author":[{"embeddable":true,"href":"https:\/\/domainesdumont.com\/en\/wp-json\/wp\/v2\/users\/3"}],"replies":[{"embeddable":true,"href":"https:\/\/domainesdumont.com\/en\/wp-json\/wp\/v2\/comments?post=8287"}],"version-history":[{"count":5,"href":"https:\/\/domainesdumont.com\/en\/wp-json\/wp\/v2\/pages\/8287\/revisions"}],"predecessor-version":[{"id":8312,"href":"https:\/\/domainesdumont.com\/en\/wp-json\/wp\/v2\/pages\/8287\/revisions\/8312"}],"wp:featuredmedia":[{"embeddable":true,"href":"https:\/\/domainesdumont.com\/en\/wp-json\/wp\/v2\/media\/3429"}],"wp:attachment":[{"href":"https:\/\/domainesdumont.com\/en\/wp-json\/wp\/v2\/media?parent=8287"}],"curies":[{"name":"wp","href":"https:\/\/api.w.org\/{rel}","templated":true}]}}